{"id":782,"date":"2025-06-24T15:52:26","date_gmt":"2025-06-24T15:52:26","guid":{"rendered":"https:\/\/animacio.teszt.website\/?page_id=782"},"modified":"2025-06-24T16:10:13","modified_gmt":"2025-06-24T16:10:13","slug":"maszkolt-hero","status":"publish","type":"page","link":"https:\/\/animacio.teszt.website\/en\/maszkolt-hero\/","title":{"rendered":"Maszkolt hero"},"content":{"rendered":"<div data-elementor-type=\"wp-page\" data-elementor-id=\"782\" class=\"elementor elementor-782\" data-elementor-post-type=\"page\">\n\t\t\t\t<div class=\"elementor-element elementor-element-218de85 e-con-full tco-hero-wrap e-flex e-con e-parent\" data-id=\"218de85\" data-element_type=\"container\">\n\t\t<div class=\"elementor-element elementor-element-2fb6b51 e-con-full tco-hero-bg e-flex e-con e-child\" data-id=\"2fb6b51\" data-element_type=\"container\" data-settings=\"{&quot;background_background&quot;:&quot;video&quot;,&quot;background_video_link&quot;:&quot;https:\\\/\\\/animacio.teszt.website\\\/wp-content\\\/uploads\\\/2025\\\/06\\\/34855-403777679_small.mp4&quot;,&quot;background_video_start&quot;:0}\">\n\t\t<div class=\"elementor-background-video-container elementor-hidden-mobile\">\n\t\t\t\t\t\t\t<video class=\"elementor-background-video-hosted\" autoplay muted playsinline loop><\/video>\n\t\t\t\t\t<\/div><div class=\"elementor-element elementor-element-36a5ea7 e-con-full tco-hero-text-box e-flex e-con e-child\" data-id=\"36a5ea7\" data-element_type=\"container\">\n\t\t\t\t<div class=\"elementor-element elementor-element-a3d03f7 elementor-widget elementor-widget-html\" data-id=\"a3d03f7\" data-element_type=\"widget\" data-widget_type=\"html.default\">\n\t\t\t\t<div class=\"elementor-widget-container\">\n\t\t\t\t\t<script src=\"https:\/\/cdnjs.cloudflare.com\/ajax\/libs\/gsap\/3.11.4\/gsap.min.js\"><\/script>\n<script src=\"https:\/\/cdn.jsdelivr.net\/npm\/gsap@3.12.5\/dist\/ScrollTrigger.min.js\"><\/script>\n<script src=\"https:\/\/unpkg.com\/split-type\"><\/script>\n<script src=\"https:\/\/cdnjs.cloudflare.com\/ajax\/libs\/gsap\/3.13.0\/CSSRulePlugin.min.js\" integrity=\"sha512-mAKSSWjdJ8EGpCJruOyLwkPVjLe1HXrKSuAQJIC\/oeBzEhMGL6lgZMVcKvtgREiqyrMeeWIBXatj+36p4K7UuA==\" crossorigin=\"anonymous\" referrerpolicy=\"no-referrer\"><\/script>\t\t\t\t<\/div>\n\t\t\t\t<\/div>\n\t\t\t\t<div class=\"elementor-element elementor-element-ebd138d szoveg elementor-widget elementor-widget-heading\" data-id=\"ebd138d\" data-element_type=\"widget\" data-settings=\"{&quot;_animation&quot;:&quot;none&quot;}\" data-widget_type=\"heading.default\">\n\t\t\t\t<div class=\"elementor-widget-container\">\n\t\t\t\t\t<h1 class=\"elementor-heading-title elementor-size-default\">Lorem Ipsum is simply dummy text of the printing and typesetting industry.<\/h1>\t\t\t\t<\/div>\n\t\t\t\t<\/div>\n\t\t\t\t<div class=\"elementor-element elementor-element-ff47766 text elementor-widget elementor-widget-text-editor\" data-id=\"ff47766\" data-element_type=\"widget\" data-widget_type=\"text-editor.default\">\n\t\t\t\t<div class=\"elementor-widget-container\">\n\t\t\t\t\t\t\t\t\t<p><strong>Lorem Ipsum<\/strong>\u00a0is simply dummy text of the printing and typesetting industry.<\/p><div id=\"lt-accessibility-devtools\" aria-hidden=\"true\">\u00a0<\/div>\t\t\t\t\t\t\t\t<\/div>\n\t\t\t\t<\/div>\n\t\t<div class=\"elementor-element elementor-element-3d56b45 e-con-full fadeup5 e-flex e-con e-child\" data-id=\"3d56b45\" data-element_type=\"container\">\n\t\t\t\t<\/div>\n\t\t<div class=\"elementor-element elementor-element-6a4e0a5 e-con-full sticky-section e-flex e-con e-child\" data-id=\"6a4e0a5\" data-element_type=\"container\" data-settings=\"{&quot;background_background&quot;:&quot;classic&quot;}\">\n\t\t<div class=\"elementor-element elementor-element-98c0768 e-con-full small-img-content e-flex e-con e-child\" data-id=\"98c0768\" data-element_type=\"container\">\n\t\t\t\t<div class=\"elementor-element elementor-element-a8571cb elementor-widget elementor-widget-html\" data-id=\"a8571cb\" data-element_type=\"widget\" data-widget_type=\"html.default\">\n\t\t\t\t<div class=\"elementor-widget-container\">\n\t\t\t\t\t<div class=\"carousel-container\">\n  <div class=\"carousel-column\">\n    <div class=\"carousel track-up\">\n      <img decoding=\"async\" src=\"https:\/\/megaholz.tasnadi.group\/wp-content\/uploads\/2025\/02\/Megaholz_Vagheggi03.jpg\" class=\"img-carousel-1\" alt=\"Image 1\">\n      <img decoding=\"async\" src=\"https:\/\/megaholz.tasnadi.group\/wp-content\/uploads\/2025\/02\/miskolci-egyetem-06.jpg\" class=\"img-carousel-2\" alt=\"Image 2\">\n      <img decoding=\"async\" src=\"https:\/\/megaholz.tasnadi.group\/wp-content\/uploads\/2025\/02\/Bombay-1.jpg\" class=\"img-carousel-3\" alt=\"Image 1\">\n      <img decoding=\"async\" src=\"https:\/\/megaholz.tasnadi.group\/wp-content\/uploads\/2025\/02\/Corvus-16.jpg\" class=\"img-carousel-4\" alt=\"Image 2\">\n      <img decoding=\"async\" src=\"https:\/\/megaholz.tasnadi.group\/wp-content\/uploads\/2025\/02\/MVM-iroda-5.jpg\" class=\"img-carousel-1\" alt=\"Image 1\">\n      <img decoding=\"async\" src=\"https:\/\/megaholz.tasnadi.group\/wp-content\/uploads\/2025\/02\/Corvus-21.jpg\" class=\"img-carousel-2\" alt=\"Image 2\">\n      <img decoding=\"async\" src=\"https:\/\/megaholz.tasnadi.group\/wp-content\/uploads\/2025\/02\/Megaholz_Vagheggi03.jpg\" class=\"img-carousel-3\" alt=\"Image 1\">\n      <img decoding=\"async\" src=\"https:\/\/megaholz.tasnadi.group\/wp-content\/uploads\/2025\/02\/Bombay-8.jpg\" class=\"img-carousel-4\" alt=\"Image 2\">\n\n    <\/div>\n  <\/div>\n  <\/div>\t\t\t\t<\/div>\n\t\t\t\t<\/div>\n\t\t\t\t<\/div>\n\t\t<div class=\"elementor-element elementor-element-f9b8599 e-con-full small-img-content e-flex e-con e-child\" data-id=\"f9b8599\" data-element_type=\"container\" data-settings=\"{&quot;animation&quot;:&quot;none&quot;}\">\n\t\t\t\t<div class=\"elementor-element elementor-element-9dc2ef9 elementor-invisible elementor-widget elementor-widget-image\" data-id=\"9dc2ef9\" data-element_type=\"widget\" data-settings=\"{&quot;_animation&quot;:&quot;slideInDown&quot;}\" data-widget_type=\"image.default\">\n\t\t\t\t<div class=\"elementor-widget-container\">\n\t\t\t\t\t\t\t\t\t\t\t\t\t\t\t<img decoding=\"async\" src=\"https:\/\/animacio.teszt.website\/wp-content\/uploads\/2025\/06\/lines-4.png\" title=\"\" alt=\"\" loading=\"lazy\" \/>\t\t\t\t\t\t\t\t\t\t\t\t\t\t\t<\/div>\n\t\t\t\t<\/div>\n\t\t\t\t<div class=\"elementor-element elementor-element-4d41745 home-h2 elementor-widget elementor-widget-heading\" data-id=\"4d41745\" data-element_type=\"widget\" data-widget_type=\"heading.default\">\n\t\t\t\t<div class=\"elementor-widget-container\">\n\t\t\t\t\t<h2 class=\"elementor-heading-title elementor-size-default\">Egyedi t\u00e9r\u00e9lm\u00e9nyek Eur\u00f3pa-szerte m\u00e1r t\u00f6bb, mint 30 \u00e9ve\u2026\u00a0<\/h2>\t\t\t\t<\/div>\n\t\t\t\t<\/div>\n\t\t\t\t<div class=\"elementor-element elementor-element-535f490 elementor-widget elementor-widget-text-editor\" data-id=\"535f490\" data-element_type=\"widget\" data-widget_type=\"text-editor.default\">\n\t\t\t\t<div class=\"elementor-widget-container\">\n\t\t\t\t\t\t\t\t\t<p>Tervez\u0151ink, m\u00e9rn\u00f6keink \u00e9s mestereink olyan egyedi b\u00fatorokat \u00e9s exkluz\u00edv \u00fczletberendez\u00e9seket alkotnak, amelyek st\u00edlust \u00e9s harm\u00f3ni\u00e1t visznek \u00e9lelmiszerl\u00e1ncok, divat\u00fczletek, gy\u00f3gyszert\u00e1rak, bankok, sz\u00e1llod\u00e1k vil\u00e1g\u00e1ba Eur\u00f3pa-szerte.\u00a0<\/p>\t\t\t\t\t\t\t\t<\/div>\n\t\t\t\t<\/div>\n\t\t<div class=\"elementor-element elementor-element-07d7823 e-con-full e-flex e-con e-child\" data-id=\"07d7823\" data-element_type=\"container\">\n\t\t<div class=\"elementor-element elementor-element-8bd847b e-con-full e-flex e-con e-child\" data-id=\"8bd847b\" data-element_type=\"container\">\n\t\t\t\t<div class=\"elementor-element elementor-element-7a14f7e elementor-widget elementor-widget-heading\" data-id=\"7a14f7e\" data-element_type=\"widget\" data-widget_type=\"heading.default\">\n\t\t\t\t<div class=\"elementor-widget-container\">\n\t\t\t\t\t<h3 class=\"elementor-heading-title elementor-size-default\">Min\u0151s\u00e9g<\/h3>\t\t\t\t<\/div>\n\t\t\t\t<\/div>\n\t\t\t\t<div class=\"elementor-element elementor-element-d173ee4 elementor-widget elementor-widget-text-editor\" data-id=\"d173ee4\" data-element_type=\"widget\" data-widget_type=\"text-editor.default\">\n\t\t\t\t<div class=\"elementor-widget-container\">\n\t\t\t\t\t\t\t\t\t Exkluz\u00edv bels\u0151\u00e9p\u00edt\u00e9szeti megold\u00e1sok, amelyek az eleganci\u00e1t \u00e9s a funkcionalit\u00e1st \u00f6tv\u00f6zik. \t\t\t\t\t\t\t\t<\/div>\n\t\t\t\t<\/div>\n\t\t\t\t<\/div>\n\t\t<div class=\"elementor-element elementor-element-5bfd29e e-con-full e-flex e-con e-child\" data-id=\"5bfd29e\" data-element_type=\"container\">\n\t\t\t\t<div class=\"elementor-element elementor-element-c2b6189 elementor-widget elementor-widget-heading\" data-id=\"c2b6189\" data-element_type=\"widget\" data-widget_type=\"heading.default\">\n\t\t\t\t<div class=\"elementor-widget-container\">\n\t\t\t\t\t<h3 class=\"elementor-heading-title elementor-size-default\">St\u00edlus<\/h3>\t\t\t\t<\/div>\n\t\t\t\t<\/div>\n\t\t\t\t<div class=\"elementor-element elementor-element-bdb7f84 elementor-widget elementor-widget-text-editor\" data-id=\"bdb7f84\" data-element_type=\"widget\" data-widget_type=\"text-editor.default\">\n\t\t\t\t<div class=\"elementor-widget-container\">\n\t\t\t\t\t\t\t\t\tAz egyedis\u00e9g \u00e9s a kifinomults\u00e1g \u00f6tv\u00f6zete az, amely minden teret karakteress\u00e9 \u00e9s felejthetetlenn\u00e9 tesz. \t\t\t\t\t\t\t\t<\/div>\n\t\t\t\t<\/div>\n\t\t\t\t<\/div>\n\t\t\t\t<\/div>\n\t\t\t\t<\/div>\n\t\t<div class=\"elementor-element elementor-element-67c1223 e-con-full small-img-content e-flex e-con e-child\" data-id=\"67c1223\" data-element_type=\"container\">\n\t\t\t\t<div class=\"elementor-element elementor-element-7b77bd4 elementor-widget elementor-widget-html\" data-id=\"7b77bd4\" data-element_type=\"widget\" data-widget_type=\"html.default\">\n\t\t\t\t<div class=\"elementor-widget-container\">\n\t\t\t\t\t<div class=\"carousel-container-right\">\n  <div class=\"carousel-column-right\">\n    <div class=\"carousel-right track-down\">\n      <img decoding=\"async\" src=\"https:\/\/megaholz.tasnadi.group\/wp-content\/uploads\/2025\/02\/Bombay-5.jpg\" class=\"img-carousel-4\" alt=\"Image 1\">\n      <img decoding=\"async\" src=\"https:\/\/megaholz.tasnadi.group\/wp-content\/uploads\/2025\/02\/DSC_1621-Copy.jpg\" class=\"img-carousel-1\" alt=\"Image 2\">\n      <img decoding=\"async\" src=\"https:\/\/megaholz.tasnadi.group\/wp-content\/uploads\/2025\/02\/Bombay-1.jpg\" class=\"img-carousel-2\">\n        <img decoding=\"async\" src=\"https:\/\/megaholz.tasnadi.group\/wp-content\/uploads\/2025\/01\/Untitled_2.jpg\" alt=\"Image 3\" class=\"img-carousel-3\">\n      <img decoding=\"async\" src=\"https:\/\/megaholz.tasnadi.group\/wp-content\/uploads\/2025\/02\/miskolci-egyetem-06.jpg\" class=\"img-carousel-4\" alt=\"Image 2\">\n      <img decoding=\"async\" src=\"https:\/\/megaholz.tasnadi.group\/wp-content\/uploads\/2025\/02\/Breitling-05.jpg\" class=\"img-carousel-1\">\n        <img decoding=\"async\" src=\"https:\/\/megaholz.tasnadi.group\/wp-content\/uploads\/2025\/01\/VCS_Megaholz_Berlin_Chemie_websize_007.jpg\" alt=\"Image 3\" class=\"img-carousel-2\">\n      <img decoding=\"async\" src=\"https:\/\/megaholz.tasnadi.group\/wp-content\/uploads\/2025\/02\/Linum-9.jpg\" class=\"img-carousel-1\" alt=\"Image 2\">\n      <img decoding=\"async\" src=\"https:\/\/megaholz.tasnadi.group\/wp-content\/uploads\/2025\/01\/9780_Jo.jpg\" class=\"img-carousel-3\">\n        <img decoding=\"async\" src=\"https:\/\/megaholz.tasnadi.group\/wp-content\/uploads\/2025\/01\/eotvos_5.jpg\" alt=\"Image 3\" class=\"img-carousel-1\">\n    <\/div>\n  <\/div>\n  <\/div>\t\t\t\t<\/div>\n\t\t\t\t<\/div>\n\t\t\t\t<\/div>\n\t\t\t\t<\/div>\n\t\t\t\t<\/div>\n\t\t<div class=\"elementor-element elementor-element-3ee3dc4 e-con-full e-flex e-con e-child\" data-id=\"3ee3dc4\" data-element_type=\"container\">\n\t\t\t\t<\/div>\n\t\t\t\t<\/div>\n\t\t<div class=\"elementor-element elementor-element-b3438fe e-con-full tco-hero-mask e-flex e-con e-child\" data-id=\"b3438fe\" data-element_type=\"container\" data-settings=\"{&quot;position&quot;:&quot;absolute&quot;}\">\n\t\t\t\t<div class=\"elementor-element elementor-element-cc6d308 elementor-view-framed elementor-shape-square elementor-hidden-widescreen elementor-hidden-desktop elementor-hidden-laptop elementor-hidden-tablet_extra elementor-hidden-tablet elementor-hidden-mobile_extra elementor-hidden-mobile elementor-widget elementor-widget-icon\" data-id=\"cc6d308\" data-element_type=\"widget\" data-widget_type=\"icon.default\">\n\t\t\t\t<div class=\"elementor-widget-container\">\n\t\t\t\t\t\t\t<div class=\"elementor-icon-wrapper\">\n\t\t\t<div class=\"elementor-icon\">\n\t\t\t<svg xmlns=\"http:\/\/www.w3.org\/2000\/svg\" viewbox=\"0 0 3840 2160\" width=\"1920\" height=\"1080\"><title>\u00daj projekt<\/title><defs><image width=\"3840\" height=\"2160\" id=\"img1\"><\/image><\/defs><style>\t<\/style><use id=\"Background\" href=\"#img1\" x=\"0\" y=\"0\"><\/use><\/svg>\t\t\t<\/div>\n\t\t<\/div>\n\t\t\t\t\t\t<\/div>\n\t\t\t\t<\/div>\n\t\t<div class=\"elementor-element elementor-element-a392bdb e-con-full elementor-hidden-widescreen elementor-hidden-desktop elementor-hidden-laptop elementor-hidden-tablet_extra elementor-hidden-tablet elementor-hidden-mobile_extra elementor-hidden-mobile e-flex e-con e-child\" data-id=\"a392bdb\" data-element_type=\"container\" data-settings=\"{&quot;position&quot;:&quot;absolute&quot;}\">\n\t\t\t\t<div class=\"elementor-element elementor-element-f849918 elementor-widget elementor-widget-image\" data-id=\"f849918\" data-element_type=\"widget\" data-widget_type=\"image.default\">\n\t\t\t\t<div class=\"elementor-widget-container\">\n\t\t\t\t\t\t\t\t\t\t\t\t\t\t\t<img decoding=\"async\" src=\"https:\/\/animacio.teszt.website\/wp-content\/uploads\/2025\/06\/M_logo_svg.svg\" title=\"\" alt=\"\" loading=\"lazy\" \/>\t\t\t\t\t\t\t\t\t\t\t\t\t\t\t<\/div>\n\t\t\t\t<\/div>\n\t\t\t\t<\/div>\n\t\t\t\t<\/div>\n\t\t<div class=\"elementor-element elementor-element-78f4531 e-con-full tco-hero-enter e-flex e-con e-child\" data-id=\"78f4531\" data-element_type=\"container\" data-settings=\"{&quot;background_background&quot;:&quot;classic&quot;,&quot;position&quot;:&quot;absolute&quot;}\">\n\t\t\t\t<div class=\"elementor-element elementor-element-bcad2c7 tco-hero-count elementor-widget elementor-widget-counter\" data-id=\"bcad2c7\" data-element_type=\"widget\" data-widget_type=\"counter.default\">\n\t\t\t\t<div class=\"elementor-widget-container\">\n\t\t\t\t\t\t\t<div class=\"elementor-counter\">\n\t\t\t\t\t\t<div class=\"elementor-counter-number-wrapper\">\n\t\t\t\t<span class=\"elementor-counter-number-prefix\"><\/span>\n\t\t\t\t<span class=\"elementor-counter-number\" data-duration=\"1500\" data-to-value=\"100\" data-from-value=\"0\" data-delimiter=\",\">0<\/span>\n\t\t\t\t<span class=\"elementor-counter-number-suffix\"><\/span>\n\t\t\t<\/div>\n\t\t<\/div>\n\t\t\t\t\t\t<\/div>\n\t\t\t\t<\/div>\n\t\t\t\t<\/div>\n\t\t\t\t<\/div>\n\t\t\t\t<\/div>","protected":false},"excerpt":{"rendered":"<p>Lorem Ipsum is simply dummy text of the printing and typesetting industry. Lorem Ipsum\u00a0is simply dummy text of the printing and typesetting industry. \u00a0 Egyedi t\u00e9r\u00e9lm\u00e9nyek Eur\u00f3pa-szerte m\u00e1r t\u00f6bb, mint 30 \u00e9ve\u2026\u00a0 Tervez\u0151ink, m\u00e9rn\u00f6keink \u00e9s mestereink olyan egyedi b\u00fatorokat \u00e9s exkluz\u00edv \u00fczletberendez\u00e9seket alkotnak, amelyek st\u00edlust \u00e9s harm\u00f3ni\u00e1t visznek \u00e9lelmiszerl\u00e1ncok, divat\u00fczletek, gy\u00f3gyszert\u00e1rak, bankok, sz\u00e1llod\u00e1k vil\u00e1g\u00e1ba Eur\u00f3pa-szerte.\u00a0 [&hellip;]<\/p>","protected":false},"author":1,"featured_media":0,"parent":0,"menu_order":0,"comment_status":"closed","ping_status":"closed","template":"","meta":{"footnotes":""},"class_list":["post-782","page","type-page","status-publish","hentry"],"_links":{"self":[{"href":"https:\/\/animacio.teszt.website\/en\/wp-json\/wp\/v2\/pages\/782","targetHints":{"allow":["GET"]}}],"collection":[{"href":"https:\/\/animacio.teszt.website\/en\/wp-json\/wp\/v2\/pages"}],"about":[{"href":"https:\/\/animacio.teszt.website\/en\/wp-json\/wp\/v2\/types\/page"}],"author":[{"embeddable":true,"href":"https:\/\/animacio.teszt.website\/en\/wp-json\/wp\/v2\/users\/1"}],"replies":[{"embeddable":true,"href":"https:\/\/animacio.teszt.website\/en\/wp-json\/wp\/v2\/comments?post=782"}],"version-history":[{"count":25,"href":"https:\/\/animacio.teszt.website\/en\/wp-json\/wp\/v2\/pages\/782\/revisions"}],"predecessor-version":[{"id":811,"href":"https:\/\/animacio.teszt.website\/en\/wp-json\/wp\/v2\/pages\/782\/revisions\/811"}],"wp:attachment":[{"href":"https:\/\/animacio.teszt.website\/en\/wp-json\/wp\/v2\/media?parent=782"}],"curies":[{"name":"wp","href":"https:\/\/api.w.org\/{rel}","templated":true}]}}